{"id":158,"date":"2023-03-19T07:20:57","date_gmt":"2023-03-19T07:20:57","guid":{"rendered":"https:\/\/marianomateo.com\/?page_id=158"},"modified":"2023-04-13T13:56:59","modified_gmt":"2023-04-13T13:56:59","slug":"otras-areas-de-especialidad","status":"publish","type":"page","link":"https:\/\/marianomateo.com\/ca\/otras-areas-de-especialidad\/","title":{"rendered":"Altres \u00e0rees d'especialitat"},"content":{"rendered":"<div data-elementor-type=\"wp-page\" data-elementor-id=\"158\" class=\"elementor elementor-158\">\n\t\t\t\t\t\t\t\t\t<section class=\"elementor-section elementor-top-section elementor-element elementor-element-1a4882f elementor-section-full_width elementor-section-stretched elementor-section-height-default elementor-section-height-default\" data-id=\"1a4882f\" data-element_type=\"section\" data-settings=\"{&quot;stretch_section&quot;:&quot;section-stretched&quot;,&quot;background_background&quot;:&quot;classic&quot;}\">\n\t\t\t\t\t\t<div class=\"elementor-container elementor-column-gap-default\">\n\t\t\t\t\t<div class=\"elementor-column elementor-col-100 elementor-top-column elementor-element elementor-element-ab463e1\" data-id=\"ab463e1\" data-element_type=\"column\">\n\t\t\t<div class=\"elementor-widget-wrap elementor-element-populated\">\n\t\t\t\t\t\t\t\t<div class=\"elementor-element elementor-element-54cf03c elementor-widget elementor-widget-heading\" data-id=\"54cf03c\" data-element_type=\"widget\" data-widget_type=\"heading.default\">\n\t\t\t\t<div class=\"elementor-widget-container\">\n\t\t\t<style>\/*! elementor - v3.12.1 - 02-04-2023 *\/\n.elementor-heading-title{padding:0;margin:0;line-height:1}.elementor-widget-heading .elementor-heading-title[class*=elementor-size-]>a{color:inherit;font-size:inherit;line-height:inherit}.elementor-widget-heading .elementor-heading-title.elementor-size-small{font-size:15px}.elementor-widget-heading .elementor-heading-title.elementor-size-medium{font-size:19px}.elementor-widget-heading .elementor-heading-title.elementor-size-large{font-size:29px}.elementor-widget-heading .elementor-heading-title.elementor-size-xl{font-size:39px}.elementor-widget-heading .elementor-heading-title.elementor-size-xxl{font-size:59px}<\/style><h1 class=\"elementor-heading-title elementor-size-default\">ALTRES \u00c0REES D'ESPECIALITAT<\/h1>\t\t<\/div>\n\t\t\t\t<\/div>\n\t\t\t\t\t<\/div>\n\t\t<\/div>\n\t\t\t\t\t\t\t<\/div>\n\t\t<\/section>\n\t\t\t\t<section class=\"elementor-section elementor-top-section elementor-element elementor-element-0172635 elementor-section-full_width elementor-section-stretched elementor-section-height-default elementor-section-height-default\" data-id=\"0172635\" data-element_type=\"section\" data-settings=\"{&quot;stretch_section&quot;:&quot;section-stretched&quot;,&quot;background_background&quot;:&quot;classic&quot;}\">\n\t\t\t\t\t\t<div class=\"elementor-container elementor-column-gap-default\">\n\t\t\t\t\t<div class=\"elementor-column elementor-col-100 elementor-top-column elementor-element elementor-element-9c27049\" data-id=\"9c27049\" data-element_type=\"column\">\n\t\t\t<div class=\"elementor-widget-wrap elementor-element-populated\">\n\t\t\t\t\t\t\t\t<div class=\"elementor-element elementor-element-f31276d elementor-widget elementor-widget-heading\" data-id=\"f31276d\" data-element_type=\"widget\" data-widget_type=\"heading.default\">\n\t\t\t\t<div class=\"elementor-widget-container\">\n\t\t\t<h1 class=\"elementor-heading-title elementor-size-default\">ESPECIALISTES EN RECLAMACIONS PATRIMONIALS A LES ADMINISTRACIONS,<br> INCLOSES POSSIBLES NEGLIG\u00c8NCIES M\u00c8DIQUES<\/h1>\t\t<\/div>\n\t\t\t\t<\/div>\n\t\t\t\t\t<\/div>\n\t\t<\/div>\n\t\t\t\t\t\t\t<\/div>\n\t\t<\/section>\n\t\t\t\t<section class=\"elementor-section elementor-top-section elementor-element elementor-element-a24e805 elementor-section-boxed elementor-section-height-default elementor-section-height-default\" data-id=\"a24e805\" data-element_type=\"section\">\n\t\t\t\t\t\t<div class=\"elementor-container elementor-column-gap-default\">\n\t\t\t\t\t<div class=\"elementor-column elementor-col-100 elementor-top-column elementor-element elementor-element-836a3db\" data-id=\"836a3db\" data-element_type=\"column\">\n\t\t\t<div class=\"elementor-widget-wrap elementor-element-populated\">\n\t\t\t\t\t\t\t\t<div class=\"elementor-element elementor-element-659ebe8 elementor-widget elementor-widget-text-editor\" data-id=\"659ebe8\" data-element_type=\"widget\" data-widget_type=\"text-editor.default\">\n\t\t\t\t<div class=\"elementor-widget-container\">\n\t\t\t<style>\/*! elementor - v3.12.1 - 02-04-2023 *\/\n.elementor-widget-text-editor.elementor-drop-cap-view-stacked .elementor-drop-cap{background-color:#69727d;color:#fff}.elementor-widget-text-editor.elementor-drop-cap-view-framed .elementor-drop-cap{color:#69727d;border:3px solid;background-color:transparent}.elementor-widget-text-editor:not(.elementor-drop-cap-view-default) .elementor-drop-cap{margin-top:8px}.elementor-widget-text-editor:not(.elementor-drop-cap-view-default) .elementor-drop-cap-letter{width:1em;height:1em}.elementor-widget-text-editor .elementor-drop-cap{float:left;text-align:center;line-height:1;font-size:50px}.elementor-widget-text-editor .elementor-drop-cap-letter{display:inline-block}<\/style>\t\t\t\t<p class=\"p1\">Qualsevol persona al llarg de la seva exist\u00e8ncia pot patir les conseq\u00fc\u00e8ncies d\u201fun accident que li causi lesions imputables a l'actuaci\u00f3 dels Serveis P\u00fablics. Des d'una caiguda al carrer a causa d'una vorera en males condicions, un impacte amb la branca d'un arbre, una caiguda a les escales d'acc\u00e9s a un espai p\u00fablic perqu\u00e8 l'estat de l'escala no est\u00e0 en condicions adequades de seguretat, i tantes altres circumst\u00e0ncies que seria dif\u00edcil d'enumerar totes, per\u00f2 que passen molt sovint.<\/p><p class=\"p1\">La casu\u00edstica pot ser m\u00faltiple, per\u00f2 en la majoria dels casos es produeixen lesions que l'usuari o ciutad\u00e0 no t\u00e9 l'obligaci\u00f3 de patir sense ser-ne indemnitzat. Ens encarreguem en aquests casos, de fer la reclamaci\u00f3 inicial (la qual pot arribar a ser fins i tot penal) fins a la finalitzaci\u00f3 de l'expedient administratiu. Portem a terme  la conseg\u00fcent reclamaci\u00f3 contenciosa administrativa, tenint en compte que les asseguradores que responen de la responsabilitat de les Administracions P\u00fabliques no solen indemnitzar els perjudicats sense que hi hagi una sent\u00e8ncia ferma de condemna.<\/p>\t\t\t\t\t\t<\/div>\n\t\t\t\t<\/div>\n\t\t\t\t\t<\/div>\n\t\t<\/div>\n\t\t\t\t\t\t\t<\/div>\n\t\t<\/section>\n\t\t\t\t<section class=\"elementor-section elementor-top-section elementor-element elementor-element-b6ba2df elementor-section-full_width elementor-section-stretched elementor-section-height-default elementor-section-height-default\" data-id=\"b6ba2df\" data-element_type=\"section\" data-settings=\"{&quot;stretch_section&quot;:&quot;section-stretched&quot;}\">\n\t\t\t\t\t\t<div class=\"elementor-container elementor-column-gap-default\">\n\t\t\t\t\t<div class=\"elementor-column elementor-col-100 elementor-top-column elementor-element elementor-element-dcf2f88\" data-id=\"dcf2f88\" data-element_type=\"column\" data-settings=\"{&quot;background_background&quot;:&quot;classic&quot;}\">\n\t\t\t<div class=\"elementor-widget-wrap elementor-element-populated\">\n\t\t\t\t\t<div class=\"elementor-background-overlay\"><\/div>\n\t\t\t\t\t\t\t\t<div class=\"elementor-element elementor-element-eb7e1b3 elementor-widget elementor-widget-heading\" data-id=\"eb7e1b3\" data-element_type=\"widget\" data-widget_type=\"heading.default\">\n\t\t\t\t<div class=\"elementor-widget-container\">\n\t\t\t<h1 class=\"elementor-heading-title elementor-size-default\">Ens encarregarem que els nostres especialistes valorin les lesions i quantificarem aquesta reclamaci\u00f3 per tal que el client es vegi plenament satisfet en els seus drets leg\u00edtims.<\/h1>\t\t<\/div>\n\t\t\t\t<\/div>\n\t\t\t\t\t<\/div>\n\t\t<\/div>\n\t\t\t\t\t\t\t<\/div>\n\t\t<\/section>\n\t\t\t\t<section class=\"elementor-section elementor-top-section elementor-element elementor-element-1847ffc elementor-section-boxed elementor-section-height-default elementor-section-height-default\" data-id=\"1847ffc\" data-element_type=\"section\" data-settings=\"{&quot;background_background&quot;:&quot;classic&quot;}\">\n\t\t\t\t\t\t<div class=\"elementor-container elementor-column-gap-default\">\n\t\t\t\t\t<div class=\"elementor-column elementor-col-100 elementor-top-column elementor-element elementor-element-a6e67c5\" data-id=\"a6e67c5\" data-element_type=\"column\">\n\t\t\t<div class=\"elementor-widget-wrap elementor-element-populated\">\n\t\t\t\t\t\t\t\t<div class=\"elementor-element elementor-element-5391c1d elementor-widget elementor-widget-text-editor\" data-id=\"5391c1d\" data-element_type=\"widget\" data-widget_type=\"text-editor.default\">\n\t\t\t\t<div class=\"elementor-widget-container\">\n\t\t\t\t\t\t\t<p class=\"p1\">Dins les reclamacions patrimonials es troben les derivades d'una <span class=\"s1\"><b>NEGLIG\u00c8NCIA M\u00c8DICA<\/b><\/span>. La sanitat, les seves retallades, la situaci\u00f3 en qu\u00e8 es veu obligat a treballar el personal sanitari, de vegades la imper\u00edcia greu, generen situacions indesitjades per tothom, per\u00f2 que han causat lesions al pacient, el qual no t\u00e9 l'obligaci\u00f3 d'assumir amb resignaci\u00f3, i encara menys afrontar durant tota la seva vida sense ser indemnitzat. Poques vegades s'ofereix per qui ha d'indemnitzar la deguda compensaci\u00f3 econ\u00f2mica, sobretot, perqu\u00e8 despr\u00e9s dels especialistes i personal sanitari, juntament amb Hospitals i Cl\u00edniques, hi ha les assegurances de responsabilitat civil, i \u00e9s molt freq\u00fcent la necessitat de rec\u00f3rrer a la via judicial a fi de que siguin reconeguts els drets dels pacients.<\/p>\t\t\t\t\t\t<\/div>\n\t\t\t\t<\/div>\n\t\t\t\t\t<\/div>\n\t\t<\/div>\n\t\t\t\t\t\t\t<\/div>\n\t\t<\/section>\n\t\t\t\t<section class=\"elementor-section elementor-top-section elementor-element elementor-element-1132730 elementor-section-boxed elementor-section-height-default elementor-section-height-default\" data-id=\"1132730\" data-element_type=\"section\">\n\t\t\t\t\t\t<div class=\"elementor-container elementor-column-gap-default\">\n\t\t\t\t\t<div class=\"elementor-column elementor-col-100 elementor-top-column elementor-element elementor-element-01a259e\" data-id=\"01a259e\" data-element_type=\"column\">\n\t\t\t<div class=\"elementor-widget-wrap elementor-element-populated\">\n\t\t\t\t\t\t\t\t<div class=\"elementor-element elementor-element-b81ab80 elementor-widget elementor-widget-text-editor\" data-id=\"b81ab80\" data-element_type=\"widget\" data-widget_type=\"text-editor.default\">\n\t\t\t\t<div class=\"elementor-widget-container\">\n\t\t\t\t\t\t\t<p class=\"p1\">El despatx us oferir\u00e0 els serveis d'un metge especialista que determinar\u00e0 segons el seu criteri, si es tracta d'una neglig\u00e8ncia m\u00e8dica o un mal funcionament de Centre Sanitari, de manera que s'insti la reclamaci\u00f3 que com en qualsevol altre cas de responsabilitat patrimonial, consta d'una fase administrativa i una altra de reclamaci\u00f3 contenciosa administrativa davant dels tribunals. Algunes vegades fins i tot es fa aconsellable instar la den\u00fancia o querella que se substanciar\u00e0 a la via penal.<\/p>\t\t\t\t\t\t<\/div>\n\t\t\t\t<\/div>\n\t\t\t\t\t<\/div>\n\t\t<\/div>\n\t\t\t\t\t\t\t<\/div>\n\t\t<\/section>\n\t\t\t\t<section class=\"elementor-section elementor-top-section elementor-element elementor-element-a56de90 elementor-section-boxed elementor-section-height-default elementor-section-height-default\" data-id=\"a56de90\" data-element_type=\"section\">\n\t\t\t\t\t\t<div class=\"elementor-container elementor-column-gap-default\">\n\t\t\t\t\t<div class=\"elementor-column elementor-col-100 elementor-top-column elementor-element elementor-element-37d1959\" data-id=\"37d1959\" data-element_type=\"column\">\n\t\t\t<div class=\"elementor-widget-wrap elementor-element-populated\">\n\t\t\t\t\t\t\t\t<div class=\"elementor-element elementor-element-eb0982f elementor-align-center elementor-widget elementor-widget-button\" data-id=\"eb0982f\" data-element_type=\"widget\" data-widget_type=\"button.default\">\n\t\t\t\t<div class=\"elementor-widget-container\">\n\t\t\t\t\t<div class=\"elementor-button-wrapper\">\n\t\t\t<a href=\"https:\/\/marianomateo.com\/ca\/contacto\/\" class=\"elementor-button-link elementor-button elementor-size-sm\" role=\"button\">\n\t\t\t\t\t\t<span class=\"elementor-button-content-wrapper\">\n\t\t\t\t\t\t\t<span class=\"elementor-button-icon elementor-align-icon-right\">\n\t\t\t\t<i aria-hidden=\"true\" class=\"fas fa-angle-right\"><\/i>\t\t\t<\/span>\n\t\t\t\t\t\t<span class=\"elementor-button-text\">Contacta'ns<\/span>\n\t\t<\/span>\n\t\t\t\t\t<\/a>\n\t\t<\/div>\n\t\t\t\t<\/div>\n\t\t\t\t<\/div>\n\t\t\t\t\t<\/div>\n\t\t<\/div>\n\t\t\t\t\t\t\t<\/div>\n\t\t<\/section>\n\t\t\t\t<section class=\"elementor-section elementor-top-section elementor-element elementor-element-4b89089 elementor-section-full_width elementor-section-height-default elementor-section-height-default\" data-id=\"4b89089\" data-element_type=\"section\">\n\t\t\t\t\t\t<div class=\"elementor-container elementor-column-gap-default\">\n\t\t\t\t\t<div class=\"elementor-column elementor-col-100 elementor-top-column elementor-element elementor-element-b48a4e8\" data-id=\"b48a4e8\" data-element_type=\"column\">\n\t\t\t<div class=\"elementor-widget-wrap elementor-element-populated\">\n\t\t\t\t\t\t\t\t<div class=\"elementor-element elementor-element-a4cd54b elementor-widget elementor-widget-spacer\" data-id=\"a4cd54b\" data-element_type=\"widget\" data-widget_type=\"spacer.default\">\n\t\t\t\t<div class=\"elementor-widget-container\">\n\t\t\t<style>\/*! elementor - v3.12.1 - 02-04-2023 *\/\n.elementor-column .elementor-spacer-inner{height:var(--spacer-size)}.e-con{--container-widget-width:100%}.e-con-inner>.elementor-widget-spacer,.e-con>.elementor-widget-spacer{width:var(--container-widget-width,var(--spacer-size));--align-self:var(--container-widget-align-self,initial);--flex-shrink:0}.e-con-inner>.elementor-widget-spacer>.elementor-widget-container,.e-con-inner>.elementor-widget-spacer>.elementor-widget-container>.elementor-spacer,.e-con>.elementor-widget-spacer>.elementor-widget-container,.e-con>.elementor-widget-spacer>.elementor-widget-container>.elementor-spacer{height:100%}.e-con-inner>.elementor-widget-spacer>.elementor-widget-container>.elementor-spacer>.elementor-spacer-inner,.e-con>.elementor-widget-spacer>.elementor-widget-container>.elementor-spacer>.elementor-spacer-inner{height:var(--container-widget-height,var(--spacer-size))}<\/style>\t\t<div class=\"elementor-spacer\">\n\t\t\t<div class=\"elementor-spacer-inner\"><\/div>\n\t\t<\/div>\n\t\t\t\t<\/div>\n\t\t\t\t<\/div>\n\t\t\t\t\t<\/div>\n\t\t<\/div>\n\t\t\t\t\t\t\t<\/div>\n\t\t<\/section>\n\t\t\t\t\t\t\t<\/div>","protected":false},"excerpt":{"rendered":"<p>OTRAS \u00c1REAS DE ESPECIALIDAD ESPECIALISTAS EN RECLAMACIONES PATRIMONIALES A LAS ADMINISTRACIONES, INCLUIDAS POSIBLES NEGLIGENCIAS M\u00c9DICAS Cualquier persona a lo largo de su existencia puede sufrir las consecuencias de un accidente que le cause lesiones imputables a la actuaci\u00f3n de los Servicios P\u00fablicos. Desde una ca\u00edda en la calle a causa de una acera en malas &hellip;<\/p>\n<p class=\"read-more\"> <a class=\"\" href=\"https:\/\/marianomateo.com\/ca\/otras-areas-de-especialidad\/\"> <span class=\"screen-reader-text\">Altres \u00e0rees d'especialitat<\/span> Llegeix m\u00e9s &raquo;<\/a><\/p>","protected":false},"author":2,"featured_media":0,"parent":0,"menu_order":0,"comment_status":"closed","ping_status":"closed","template":"elementor_header_footer","meta":{"site-sidebar-layout":"no-sidebar","site-content-layout":"page-builder","ast-global-header-display":"","ast-main-header-display":"","ast-hfb-above-header-display":"","ast-hfb-below-header-display":"","ast-hfb-mobile-header-display":"","site-post-title":"disabled","ast-breadcrumbs-content":"","ast-featured-img":"disabled","footer-sml-layout":"","theme-transparent-header-meta":"","adv-header-id-meta":"","stick-header-meta":"","header-above-stick-meta":"","header-main-stick-meta":"","header-below-stick-meta":"","footnotes":""},"class_list":["post-158","page","type-page","status-publish","hentry"],"yoast_head":"<!-- This site is optimized with the Yoast SEO plugin v20.5 - https:\/\/yoast.com\/wordpress\/plugins\/seo\/ -->\n<title>Otras \u00e1reas de especialidad &ndash; Mariano Mateo Abogado Terrassa<\/title>\n<meta name=\"description\" content=\"Nuestro equipo de abogados especializados en accidentes de tr\u00e1fico est\u00e1 aqu\u00ed para ayudarle. Ofrecemos asesoramiento legal experto en indemnizaciones por lesiones y da\u00f1os materiales, responsabilidad civil y reclamaciones contra compa\u00f1\u00edas de seguros. Cont\u00e1ctenos hoy para una evaluaci\u00f3n gratuita de su caso\" \/>\n<meta name=\"robots\" content=\"index, follow, max-snippet:-1, max-image-preview:large, max-video-preview:-1\" \/>\n<link rel=\"canonical\" href=\"https:\/\/marianomateo.com\/ca\/otras-areas-de-especialidad\/\" \/>\n<meta property=\"og:locale\" content=\"ca_ES\" \/>\n<meta property=\"og:type\" content=\"article\" \/>\n<meta property=\"og:title\" content=\"Otras \u00e1reas de especialidad &ndash; Mariano Mateo Abogado Terrassa\" \/>\n<meta property=\"og:description\" content=\"Nuestro equipo de abogados especializados en accidentes de tr\u00e1fico est\u00e1 aqu\u00ed para ayudarle. Ofrecemos asesoramiento legal experto en indemnizaciones por lesiones y da\u00f1os materiales, responsabilidad civil y reclamaciones contra compa\u00f1\u00edas de seguros. Cont\u00e1ctenos hoy para una evaluaci\u00f3n gratuita de su caso\" \/>\n<meta property=\"og:url\" content=\"https:\/\/marianomateo.com\/ca\/otras-areas-de-especialidad\/\" \/>\n<meta property=\"article:modified_time\" content=\"2023-04-13T13:56:59+00:00\" \/>\n<meta property=\"og:image\" content=\"https:\/\/marianomateo.com\/wp-content\/uploads\/2023\/03\/logo_mateo_Advocat.png\" \/>\n\t<meta property=\"og:image:width\" content=\"958\" \/>\n\t<meta property=\"og:image:height\" content=\"526\" \/>\n\t<meta property=\"og:image:type\" content=\"image\/png\" \/>\n<meta name=\"twitter:card\" content=\"summary_large_image\" \/>\n<script type=\"application\/ld+json\" class=\"yoast-schema-graph\">{\"@context\":\"https:\/\/schema.org\",\"@graph\":[{\"@type\":\"WebPage\",\"@id\":\"https:\/\/marianomateo.com\/otras-areas-de-especialidad\/\",\"url\":\"https:\/\/marianomateo.com\/otras-areas-de-especialidad\/\",\"name\":\"Otras \u00e1reas de especialidad &ndash; Mariano Mateo Abogado Terrassa\",\"isPartOf\":{\"@id\":\"https:\/\/marianomateo.com\/#website\"},\"datePublished\":\"2023-03-19T07:20:57+00:00\",\"dateModified\":\"2023-04-13T13:56:59+00:00\",\"description\":\"Nuestro equipo de abogados especializados en accidentes de tr\u00e1fico est\u00e1 aqu\u00ed para ayudarle. Ofrecemos asesoramiento legal experto en indemnizaciones por lesiones y da\u00f1os materiales, responsabilidad civil y reclamaciones contra compa\u00f1\u00edas de seguros. Cont\u00e1ctenos hoy para una evaluaci\u00f3n gratuita de su caso\",\"breadcrumb\":{\"@id\":\"https:\/\/marianomateo.com\/otras-areas-de-especialidad\/#breadcrumb\"},\"inLanguage\":\"ca\",\"potentialAction\":[{\"@type\":\"ReadAction\",\"target\":[\"https:\/\/marianomateo.com\/otras-areas-de-especialidad\/\"]}]},{\"@type\":\"BreadcrumbList\",\"@id\":\"https:\/\/marianomateo.com\/otras-areas-de-especialidad\/#breadcrumb\",\"itemListElement\":[{\"@type\":\"ListItem\",\"position\":1,\"name\":\"Portada\",\"item\":\"https:\/\/marianomateo.com\/\"},{\"@type\":\"ListItem\",\"position\":2,\"name\":\"Otras \u00e1reas de especialidad\"}]},{\"@type\":\"WebSite\",\"@id\":\"https:\/\/marianomateo.com\/#website\",\"url\":\"https:\/\/marianomateo.com\/\",\"name\":\"Mariano Mateo Advocat\",\"description\":\"\",\"publisher\":{\"@id\":\"https:\/\/marianomateo.com\/#\/schema\/person\/37f23f602c469580268268c2ae333961\"},\"potentialAction\":[{\"@type\":\"SearchAction\",\"target\":{\"@type\":\"EntryPoint\",\"urlTemplate\":\"https:\/\/marianomateo.com\/?s={search_term_string}\"},\"query-input\":\"required name=search_term_string\"}],\"inLanguage\":\"ca\"},{\"@type\":[\"Person\",\"Organization\"],\"@id\":\"https:\/\/marianomateo.com\/#\/schema\/person\/37f23f602c469580268268c2ae333961\",\"name\":\"Idoia Domingo\",\"image\":{\"@type\":\"ImageObject\",\"inLanguage\":\"ca\",\"@id\":\"https:\/\/marianomateo.com\/#\/schema\/person\/image\/\",\"url\":\"https:\/\/marianomateo.com\/wp-content\/uploads\/2023\/03\/logo_mateo_Advocat.png\",\"contentUrl\":\"https:\/\/marianomateo.com\/wp-content\/uploads\/2023\/03\/logo_mateo_Advocat.png\",\"width\":958,\"height\":526,\"caption\":\"Idoia Domingo\"},\"logo\":{\"@id\":\"https:\/\/marianomateo.com\/#\/schema\/person\/image\/\"},\"sameAs\":[\"https:\/\/www.egardata.cat\"]}]}<\/script>\n<!-- \/ Yoast SEO plugin. -->","yoast_head_json":{"title":"Otras \u00e1reas de especialidad &ndash; Mariano Mateo Abogado Terrassa","description":"Nuestro equipo de abogados especializados en accidentes de tr\u00e1fico est\u00e1 aqu\u00ed para ayudarle. Ofrecemos asesoramiento legal experto en indemnizaciones por lesiones y da\u00f1os materiales, responsabilidad civil y reclamaciones contra compa\u00f1\u00edas de seguros. Cont\u00e1ctenos hoy para una evaluaci\u00f3n gratuita de su caso","robots":{"index":"index","follow":"follow","max-snippet":"max-snippet:-1","max-image-preview":"max-image-preview:large","max-video-preview":"max-video-preview:-1"},"canonical":"https:\/\/marianomateo.com\/ca\/otras-areas-de-especialidad\/","og_locale":"ca_ES","og_type":"article","og_title":"Otras \u00e1reas de especialidad &ndash; Mariano Mateo Abogado Terrassa","og_description":"Nuestro equipo de abogados especializados en accidentes de tr\u00e1fico est\u00e1 aqu\u00ed para ayudarle. Ofrecemos asesoramiento legal experto en indemnizaciones por lesiones y da\u00f1os materiales, responsabilidad civil y reclamaciones contra compa\u00f1\u00edas de seguros. Cont\u00e1ctenos hoy para una evaluaci\u00f3n gratuita de su caso","og_url":"https:\/\/marianomateo.com\/ca\/otras-areas-de-especialidad\/","article_modified_time":"2023-04-13T13:56:59+00:00","og_image":[{"width":958,"height":526,"url":"https:\/\/marianomateo.com\/wp-content\/uploads\/2023\/03\/logo_mateo_Advocat.png","type":"image\/png"}],"twitter_card":"summary_large_image","schema":{"@context":"https:\/\/schema.org","@graph":[{"@type":"WebPage","@id":"https:\/\/marianomateo.com\/otras-areas-de-especialidad\/","url":"https:\/\/marianomateo.com\/otras-areas-de-especialidad\/","name":"Otras \u00e1reas de especialidad &ndash; Mariano Mateo Abogado Terrassa","isPartOf":{"@id":"https:\/\/marianomateo.com\/#website"},"datePublished":"2023-03-19T07:20:57+00:00","dateModified":"2023-04-13T13:56:59+00:00","description":"Nuestro equipo de abogados especializados en accidentes de tr\u00e1fico est\u00e1 aqu\u00ed para ayudarle. Ofrecemos asesoramiento legal experto en indemnizaciones por lesiones y da\u00f1os materiales, responsabilidad civil y reclamaciones contra compa\u00f1\u00edas de seguros. Cont\u00e1ctenos hoy para una evaluaci\u00f3n gratuita de su caso","breadcrumb":{"@id":"https:\/\/marianomateo.com\/otras-areas-de-especialidad\/#breadcrumb"},"inLanguage":"ca","potentialAction":[{"@type":"ReadAction","target":["https:\/\/marianomateo.com\/otras-areas-de-especialidad\/"]}]},{"@type":"BreadcrumbList","@id":"https:\/\/marianomateo.com\/otras-areas-de-especialidad\/#breadcrumb","itemListElement":[{"@type":"ListItem","position":1,"name":"Portada","item":"https:\/\/marianomateo.com\/"},{"@type":"ListItem","position":2,"name":"Otras \u00e1reas de especialidad"}]},{"@type":"WebSite","@id":"https:\/\/marianomateo.com\/#website","url":"https:\/\/marianomateo.com\/","name":"Mariano Mateo Advocat","description":"","publisher":{"@id":"https:\/\/marianomateo.com\/#\/schema\/person\/37f23f602c469580268268c2ae333961"},"potentialAction":[{"@type":"SearchAction","target":{"@type":"EntryPoint","urlTemplate":"https:\/\/marianomateo.com\/?s={search_term_string}"},"query-input":"required name=search_term_string"}],"inLanguage":"ca"},{"@type":["Person","Organization"],"@id":"https:\/\/marianomateo.com\/#\/schema\/person\/37f23f602c469580268268c2ae333961","name":"Idoia Domingo","image":{"@type":"ImageObject","inLanguage":"ca","@id":"https:\/\/marianomateo.com\/#\/schema\/person\/image\/","url":"https:\/\/marianomateo.com\/wp-content\/uploads\/2023\/03\/logo_mateo_Advocat.png","contentUrl":"https:\/\/marianomateo.com\/wp-content\/uploads\/2023\/03\/logo_mateo_Advocat.png","width":958,"height":526,"caption":"Idoia Domingo"},"logo":{"@id":"https:\/\/marianomateo.com\/#\/schema\/person\/image\/"},"sameAs":["https:\/\/www.egardata.cat"]}]}},"_links":{"self":[{"href":"https:\/\/marianomateo.com\/ca\/wp-json\/wp\/v2\/pages\/158"}],"collection":[{"href":"https:\/\/marianomateo.com\/ca\/wp-json\/wp\/v2\/pages"}],"about":[{"href":"https:\/\/marianomateo.com\/ca\/wp-json\/wp\/v2\/types\/page"}],"author":[{"embeddable":true,"href":"https:\/\/marianomateo.com\/ca\/wp-json\/wp\/v2\/users\/2"}],"replies":[{"embeddable":true,"href":"https:\/\/marianomateo.com\/ca\/wp-json\/wp\/v2\/comments?post=158"}],"version-history":[{"count":56,"href":"https:\/\/marianomateo.com\/ca\/wp-json\/wp\/v2\/pages\/158\/revisions"}],"predecessor-version":[{"id":914,"href":"https:\/\/marianomateo.com\/ca\/wp-json\/wp\/v2\/pages\/158\/revisions\/914"}],"wp:attachment":[{"href":"https:\/\/marianomateo.com\/ca\/wp-json\/wp\/v2\/media?parent=158"}],"curies":[{"name":"wp","href":"https:\/\/api.w.org\/{rel}","templated":true}]}}