{"id":154,"date":"2023-03-19T07:19:50","date_gmt":"2023-03-19T07:19:50","guid":{"rendered":"https:\/\/marianomateo.com\/?page_id=154"},"modified":"2023-04-13T13:50:51","modified_gmt":"2023-04-13T13:50:51","slug":"derecho-de-la-construccion","status":"publish","type":"page","link":"https:\/\/marianomateo.com\/ca\/derecho-de-la-construccion\/","title":{"rendered":"Dret de la construcci\u00f3"},"content":{"rendered":"<div data-elementor-type=\"wp-page\" data-elementor-id=\"154\" class=\"elementor elementor-154\">\n\t\t\t\t\t\t\t\t\t<section class=\"elementor-section elementor-top-section elementor-element elementor-element-f8688ab elementor-section-full_width elementor-section-stretched elementor-section-height-default elementor-section-height-default\" data-id=\"f8688ab\" data-element_type=\"section\" data-settings=\"{&quot;stretch_section&quot;:&quot;section-stretched&quot;,&quot;background_background&quot;:&quot;classic&quot;}\">\n\t\t\t\t\t\t<div class=\"elementor-container elementor-column-gap-default\">\n\t\t\t\t\t<div class=\"elementor-column elementor-col-100 elementor-top-column elementor-element elementor-element-38d2adb\" data-id=\"38d2adb\" data-element_type=\"column\">\n\t\t\t<div class=\"elementor-widget-wrap elementor-element-populated\">\n\t\t\t\t\t\t\t\t<div class=\"elementor-element elementor-element-24c5bfc elementor-widget elementor-widget-heading\" data-id=\"24c5bfc\" data-element_type=\"widget\" data-widget_type=\"heading.default\">\n\t\t\t\t<div class=\"elementor-widget-container\">\n\t\t\t<style>\/*! elementor - v3.12.1 - 02-04-2023 *\/\n.elementor-heading-title{padding:0;margin:0;line-height:1}.elementor-widget-heading .elementor-heading-title[class*=elementor-size-]>a{color:inherit;font-size:inherit;line-height:inherit}.elementor-widget-heading .elementor-heading-title.elementor-size-small{font-size:15px}.elementor-widget-heading .elementor-heading-title.elementor-size-medium{font-size:19px}.elementor-widget-heading .elementor-heading-title.elementor-size-large{font-size:29px}.elementor-widget-heading .elementor-heading-title.elementor-size-xl{font-size:39px}.elementor-widget-heading .elementor-heading-title.elementor-size-xxl{font-size:59px}<\/style><h1 class=\"elementor-heading-title elementor-size-default\">DRET DE LA CONSTRUCCI\u00d3<\/h1>\t\t<\/div>\n\t\t\t\t<\/div>\n\t\t\t\t\t<\/div>\n\t\t<\/div>\n\t\t\t\t\t\t\t<\/div>\n\t\t<\/section>\n\t\t\t\t<section class=\"elementor-section elementor-top-section elementor-element elementor-element-7e09556 elementor-section-boxed elementor-section-height-default elementor-section-height-default\" data-id=\"7e09556\" data-element_type=\"section\">\n\t\t\t\t\t\t<div class=\"elementor-container elementor-column-gap-default\">\n\t\t\t\t\t<div class=\"elementor-column elementor-col-100 elementor-top-column elementor-element elementor-element-eefebc8\" data-id=\"eefebc8\" data-element_type=\"column\">\n\t\t\t<div class=\"elementor-widget-wrap elementor-element-populated\">\n\t\t\t\t\t\t\t\t<div class=\"elementor-element elementor-element-3421b06 elementor-widget elementor-widget-text-editor\" data-id=\"3421b06\" data-element_type=\"widget\" data-widget_type=\"text-editor.default\">\n\t\t\t\t<div class=\"elementor-widget-container\">\n\t\t\t<style>\/*! elementor - v3.12.1 - 02-04-2023 *\/\n.elementor-widget-text-editor.elementor-drop-cap-view-stacked .elementor-drop-cap{background-color:#69727d;color:#fff}.elementor-widget-text-editor.elementor-drop-cap-view-framed .elementor-drop-cap{color:#69727d;border:3px solid;background-color:transparent}.elementor-widget-text-editor:not(.elementor-drop-cap-view-default) .elementor-drop-cap{margin-top:8px}.elementor-widget-text-editor:not(.elementor-drop-cap-view-default) .elementor-drop-cap-letter{width:1em;height:1em}.elementor-widget-text-editor .elementor-drop-cap{float:left;text-align:center;line-height:1;font-size:50px}.elementor-widget-text-editor .elementor-drop-cap-letter{display:inline-block}<\/style>\t\t\t\t<p class=\"p1\">L'habitatge \u00e9s un dret segons la Constituci\u00f3 Espanyola. Sociol\u00f2gicament som un pa\u00eds que si la situaci\u00f3 econ\u00f2mica ho permet i els tipus d'inter\u00e8s s\u00f3n assumibles, preferim comprar que llogar. Molta gent creu que els diners destinats al lloguer poden ser dedicats a un habitatge que en un futur pugui ser de la seva propietat.<\/p><p class=\"p1\">Tothom t\u00e9 o ha tingut la il\u00b7lusi\u00f3 d'adquirir un habitatge habitual, o fins i tot una segona resid\u00e8ncia a la platja o a la muntanya. L'esfor\u00e7 destinat per les fam\u00edlies per pagar aquests habitatges solen minbar les disponibilitats de diners l\u00edquids. Fins i tot de vegades, es pensa canviar d'habitatge per les moltes circumst\u00e0ncies que la pr\u00f2pia exist\u00e8ncia ens ofereix: augment del nombre de fills, canvi d'ubicaci\u00f3 de l'empresa on treballem, divorci, etc.<\/p>\t\t\t\t\t\t<\/div>\n\t\t\t\t<\/div>\n\t\t\t\t\t<\/div>\n\t\t<\/div>\n\t\t\t\t\t\t\t<\/div>\n\t\t<\/section>\n\t\t\t\t<section class=\"elementor-section elementor-top-section elementor-element elementor-element-bd13c64 elementor-section-full_width elementor-section-stretched elementor-section-height-default elementor-section-height-default\" data-id=\"bd13c64\" data-element_type=\"section\" data-settings=\"{&quot;stretch_section&quot;:&quot;section-stretched&quot;}\">\n\t\t\t\t\t\t<div class=\"elementor-container elementor-column-gap-default\">\n\t\t\t\t\t<div class=\"elementor-column elementor-col-100 elementor-top-column elementor-element elementor-element-24f319f\" data-id=\"24f319f\" data-element_type=\"column\" data-settings=\"{&quot;background_background&quot;:&quot;classic&quot;}\">\n\t\t\t<div class=\"elementor-widget-wrap elementor-element-populated\">\n\t\t\t\t\t<div class=\"elementor-background-overlay\"><\/div>\n\t\t\t\t\t\t\t\t<div class=\"elementor-element elementor-element-07a46d3 elementor-widget elementor-widget-heading\" data-id=\"07a46d3\" data-element_type=\"widget\" data-widget_type=\"heading.default\">\n\t\t\t\t<div class=\"elementor-widget-container\">\n\t\t\t<h1 class=\"elementor-heading-title elementor-size-default\">Som la protecci\u00f3 legal que necessita per al seu projecte de i compra d'un habitatge.<\/h1>\t\t<\/div>\n\t\t\t\t<\/div>\n\t\t\t\t\t<\/div>\n\t\t<\/div>\n\t\t\t\t\t\t\t<\/div>\n\t\t<\/section>\n\t\t\t\t<section class=\"elementor-section elementor-top-section elementor-element elementor-element-6fb6c9d elementor-section-boxed elementor-section-height-default elementor-section-height-default\" data-id=\"6fb6c9d\" data-element_type=\"section\">\n\t\t\t\t\t\t<div class=\"elementor-container elementor-column-gap-default\">\n\t\t\t\t\t<div class=\"elementor-column elementor-col-100 elementor-top-column elementor-element elementor-element-a66bf96\" data-id=\"a66bf96\" data-element_type=\"column\">\n\t\t\t<div class=\"elementor-widget-wrap elementor-element-populated\">\n\t\t\t\t\t\t\t\t<div class=\"elementor-element elementor-element-1175b7b elementor-widget elementor-widget-text-editor\" data-id=\"1175b7b\" data-element_type=\"widget\" data-widget_type=\"text-editor.default\">\n\t\t\t\t<div class=\"elementor-widget-container\">\n\t\t\t\t\t\t\t<p class=\"p1\">Moltes vegades<span class=\"s1\"><b> les il\u00b7lusions amb qu\u00e8 adquirim aquests habitatges es veuen frustrats des d'un primer moment<\/b><\/span>, ja b\u00e9 sigui: pel propi contracte de compravenda que ens estan mostrant per signar, on no es garanteixen els drets m\u00ednims del comprador, i on se'ns requereixen que lliurem quantitats a compte sense el conseg\u00fcent aval, o b\u00e9 pel retard en el lliurament d'aquest habitatge.<\/p><p class=\"p1\">Tot aix\u00f2 s\u00f3n situacions que requereixen la intervenci\u00f3 d'un professional que pot estalviar futurs problemes, com la p\u00e8rdua de les quantitats lliurades a compte si no existeix el ressenyat aval, i per al<span class=\"Apple-converted-space\">\u00a0 <\/span>cas que l'empresa incompleixi els seus compromisos.\u00a0<\/p>\t\t\t\t\t\t<\/div>\n\t\t\t\t<\/div>\n\t\t\t\t\t<\/div>\n\t\t<\/div>\n\t\t\t\t\t\t\t<\/div>\n\t\t<\/section>\n\t\t\t\t<section class=\"elementor-section elementor-top-section elementor-element elementor-element-848a0e6 elementor-section-boxed elementor-section-height-default elementor-section-height-default\" data-id=\"848a0e6\" data-element_type=\"section\" data-settings=\"{&quot;background_background&quot;:&quot;classic&quot;}\">\n\t\t\t\t\t\t<div class=\"elementor-container elementor-column-gap-default\">\n\t\t\t\t\t<div class=\"elementor-column elementor-col-50 elementor-top-column elementor-element elementor-element-9afa481\" data-id=\"9afa481\" data-element_type=\"column\">\n\t\t\t<div class=\"elementor-widget-wrap elementor-element-populated\">\n\t\t\t\t\t\t\t\t<div class=\"elementor-element elementor-element-7ea1d36 elementor-widget elementor-widget-image\" data-id=\"7ea1d36\" data-element_type=\"widget\" data-widget_type=\"image.default\">\n\t\t\t\t<div class=\"elementor-widget-container\">\n\t\t\t<style>\/*! elementor - v3.12.1 - 02-04-2023 *\/\n.elementor-widget-image{text-align:center}.elementor-widget-image a{display:inline-block}.elementor-widget-image a img[src$=\".svg\"]{width:48px}.elementor-widget-image img{vertical-align:middle;display:inline-block}<\/style>\t\t\t\t\t\t\t\t\t\t\t\t<img loading=\"lazy\" decoding=\"async\" width=\"600\" height=\"400\" src=\"https:\/\/marianomateo.com\/wp-content\/uploads\/2023\/03\/Diseno-sin-titulo-40-1.png\" class=\"attachment-large size-large wp-image-324\" alt=\"\" srcset=\"https:\/\/marianomateo.com\/wp-content\/uploads\/2023\/03\/Diseno-sin-titulo-40-1.png 600w, https:\/\/marianomateo.com\/wp-content\/uploads\/2023\/03\/Diseno-sin-titulo-40-1-300x200.png 300w\" sizes=\"(max-width: 600px) 100vw, 600px\" \/>\t\t\t\t\t\t\t\t\t\t\t\t\t\t\t<\/div>\n\t\t\t\t<\/div>\n\t\t\t\t\t<\/div>\n\t\t<\/div>\n\t\t\t\t<div class=\"elementor-column elementor-col-50 elementor-top-column elementor-element elementor-element-ec388b7\" data-id=\"ec388b7\" data-element_type=\"column\">\n\t\t\t<div class=\"elementor-widget-wrap elementor-element-populated\">\n\t\t\t\t\t\t\t\t<div class=\"elementor-element elementor-element-bda7469 elementor-widget elementor-widget-text-editor\" data-id=\"bda7469\" data-element_type=\"widget\" data-widget_type=\"text-editor.default\">\n\t\t\t\t<div class=\"elementor-widget-container\">\n\t\t\t\t\t\t\t<p class=\"p1\"><span class=\"s1\"><b>El dia en qu\u00e8 ens lliuren les claus de la vivenda<\/b><\/span>i signem davant el notari (professional que tens dret triar com a comprador) es converteix en un dels m\u00e9s importants de la nostra vida, juntament amb altres esdeveniments com poden ser: el dia del nostre casament, el naixement dels nostres fills, i tants altres\u2026 No obstant, aix\u00f2, sol passar que una vegada ocupem l'habitatge o al cap de pocs mesos de viure-hi, ens trobem amb sorpreses que provoquen<span class=\"Apple-converted-space\">\u00a0 <\/span>situacions desagradables, com que: les qualitats de l'habitatge no s\u00f3n les ofertes i contractades, o que hi ha una mala construcci\u00f3 a la pr\u00f2pia vivenda, p\u00e0rquings o trasters i aix\u00f2 causa innombrables problemes de tota mena que requereixen la seva soluci\u00f3 o  indemnitzaci\u00f3. En aquests moments necessitarem encarregar un estudi a un especialista que posi en relleu els defectes constructius i les solucions t\u00e8cniques als mateixos, a fi d'instar reclamaci\u00f3 als diferents operadors que han intervingut en la construcci\u00f3. S\u00f3n molts els informes que han estat encarregats als ressenyats t\u00e8cnics al llarg dels m\u00e9s de 24 anys de professi\u00f3 que han ajudat a aconseguir la compensaci\u00f3 o reparaci\u00f3 adequada.<\/p>\t\t\t\t\t\t<\/div>\n\t\t\t\t<\/div>\n\t\t\t\t\t<\/div>\n\t\t<\/div>\n\t\t\t\t\t\t\t<\/div>\n\t\t<\/section>\n\t\t\t\t<section class=\"elementor-section elementor-top-section elementor-element elementor-element-cd3c380 elementor-section-boxed elementor-section-height-default elementor-section-height-default\" data-id=\"cd3c380\" data-element_type=\"section\">\n\t\t\t\t\t\t<div class=\"elementor-container elementor-column-gap-default\">\n\t\t\t\t\t<div class=\"elementor-column elementor-col-100 elementor-top-column elementor-element elementor-element-ca81352\" data-id=\"ca81352\" data-element_type=\"column\">\n\t\t\t<div class=\"elementor-widget-wrap elementor-element-populated\">\n\t\t\t\t\t\t\t\t<div class=\"elementor-element elementor-element-3569fe6 elementor-widget elementor-widget-text-editor\" data-id=\"3569fe6\" data-element_type=\"widget\" data-widget_type=\"text-editor.default\">\n\t\t\t\t<div class=\"elementor-widget-container\">\n\t\t\t\t\t\t\t<p class=\"p1\">El <span style=\"color: #000080;\"><a style=\"color: #000080;\" href=\"https:\/\/marianomateo.com\/ca\/firma\/\"><strong>despatx<\/strong><\/a><\/span> porta una llarga trajector\u00f2ria reclamant a empreses constructores, venedores, i als diferents t\u00e8cnics que intervenen en la construcci\u00f3 d'un habitatge per tal que els danys siguin reparats, que no s'agreuxin aquests danys, i  que viure en aquest habitatge no sigui un suplici. Cada cop \u00e9s <span class=\"s1\"><b>m\u00e9s important reclamar des d'un primer moment<\/b><\/span>, sobretot des de l'aprovaci\u00f3 de la denominada L.O.E que ha escur\u00e7at els temps per instar aquestes reclamacions i fa que moltes vegades quan els copropietaris de les Comunitats de ve\u00efns es posen d'acord a instar la reclamaci\u00f3 , aquesta sigui inviable per estar prescrita.<\/p><p class=\"p1\">Tothom sap que  s'han fet moltes fortunes amb una construcci\u00f3 deficient i amb una situaci\u00f3 en qu\u00e8 les empreses,  coneixedores dels defectes que presenta el producte final, acaben per no haver de respondre d'haver lliurat habitatges que incompleixen les normes existents al sector i el propi contracte. Per tot aix\u00f2, cal actuar des d'un primer moment per tal que aquest habitatge no es converteixi en un malson. \u00c9s imprescindible l'assessorarent per aut\u00e8ntics especialistes que et representin i facin valer els teus drets.<\/p>\t\t\t\t\t\t<\/div>\n\t\t\t\t<\/div>\n\t\t\t\t\t<\/div>\n\t\t<\/div>\n\t\t\t\t\t\t\t<\/div>\n\t\t<\/section>\n\t\t\t\t<section class=\"elementor-section elementor-top-section elementor-element elementor-element-789a82a elementor-section-boxed elementor-section-height-default elementor-section-height-default\" data-id=\"789a82a\" data-element_type=\"section\">\n\t\t\t\t\t\t<div class=\"elementor-container elementor-column-gap-default\">\n\t\t\t\t\t<div class=\"elementor-column elementor-col-100 elementor-top-column elementor-element elementor-element-6d66a02\" data-id=\"6d66a02\" data-element_type=\"column\">\n\t\t\t<div class=\"elementor-widget-wrap elementor-element-populated\">\n\t\t\t\t\t\t\t\t<div class=\"elementor-element elementor-element-1959a21 elementor-align-center elementor-widget elementor-widget-button\" data-id=\"1959a21\" data-element_type=\"widget\" data-widget_type=\"button.default\">\n\t\t\t\t<div class=\"elementor-widget-container\">\n\t\t\t\t\t<div class=\"elementor-button-wrapper\">\n\t\t\t<a href=\"https:\/\/marianomateo.com\/ca\/contacto\/\" class=\"elementor-button-link elementor-button elementor-size-sm\" role=\"button\">\n\t\t\t\t\t\t<span class=\"elementor-button-content-wrapper\">\n\t\t\t\t\t\t\t<span class=\"elementor-button-icon elementor-align-icon-right\">\n\t\t\t\t<i aria-hidden=\"true\" class=\"fas fa-angle-right\"><\/i>\t\t\t<\/span>\n\t\t\t\t\t\t<span class=\"elementor-button-text\">Contacta'ns<\/span>\n\t\t<\/span>\n\t\t\t\t\t<\/a>\n\t\t<\/div>\n\t\t\t\t<\/div>\n\t\t\t\t<\/div>\n\t\t\t\t\t<\/div>\n\t\t<\/div>\n\t\t\t\t\t\t\t<\/div>\n\t\t<\/section>\n\t\t\t\t<section class=\"elementor-section elementor-top-section elementor-element elementor-element-f7a38a7 elementor-section-full_width elementor-section-height-default elementor-section-height-default\" data-id=\"f7a38a7\" data-element_type=\"section\">\n\t\t\t\t\t\t<div class=\"elementor-container elementor-column-gap-default\">\n\t\t\t\t\t<div class=\"elementor-column elementor-col-100 elementor-top-column elementor-element elementor-element-f7750e9\" data-id=\"f7750e9\" data-element_type=\"column\">\n\t\t\t<div class=\"elementor-widget-wrap elementor-element-populated\">\n\t\t\t\t\t\t\t\t<div class=\"elementor-element elementor-element-c3ddcd8 elementor-widget elementor-widget-spacer\" data-id=\"c3ddcd8\" data-element_type=\"widget\" data-widget_type=\"spacer.default\">\n\t\t\t\t<div class=\"elementor-widget-container\">\n\t\t\t<style>\/*! elementor - v3.12.1 - 02-04-2023 *\/\n.elementor-column .elementor-spacer-inner{height:var(--spacer-size)}.e-con{--container-widget-width:100%}.e-con-inner>.elementor-widget-spacer,.e-con>.elementor-widget-spacer{width:var(--container-widget-width,var(--spacer-size));--align-self:var(--container-widget-align-self,initial);--flex-shrink:0}.e-con-inner>.elementor-widget-spacer>.elementor-widget-container,.e-con-inner>.elementor-widget-spacer>.elementor-widget-container>.elementor-spacer,.e-con>.elementor-widget-spacer>.elementor-widget-container,.e-con>.elementor-widget-spacer>.elementor-widget-container>.elementor-spacer{height:100%}.e-con-inner>.elementor-widget-spacer>.elementor-widget-container>.elementor-spacer>.elementor-spacer-inner,.e-con>.elementor-widget-spacer>.elementor-widget-container>.elementor-spacer>.elementor-spacer-inner{height:var(--container-widget-height,var(--spacer-size))}<\/style>\t\t<div class=\"elementor-spacer\">\n\t\t\t<div class=\"elementor-spacer-inner\"><\/div>\n\t\t<\/div>\n\t\t\t\t<\/div>\n\t\t\t\t<\/div>\n\t\t\t\t\t<\/div>\n\t\t<\/div>\n\t\t\t\t\t\t\t<\/div>\n\t\t<\/section>\n\t\t\t\t\t\t\t<\/div>","protected":false},"excerpt":{"rendered":"<p>DERECHO DE LA CONSTRUCCI\u00d3N La vivienda es un derecho seg\u00fan la Constituci\u00f3n Espa\u00f1ola. Sociol\u00f3gicamente somos un pa\u00eds en el que si la situaci\u00f3n econ\u00f3mica lo permite y los tipos de inter\u00e9s son asumibles, preferimos comprar que alquilar. Mucha gente cree que el dinero destinado al alquiler puede ser dedicado a una vivienda que en un &hellip;<\/p>\n<p class=\"read-more\"> <a class=\"\" href=\"https:\/\/marianomateo.com\/ca\/derecho-de-la-construccion\/\"> <span class=\"screen-reader-text\">Dret de la construcci\u00f3<\/span> Llegeix m\u00e9s &raquo;<\/a><\/p>","protected":false},"author":2,"featured_media":0,"parent":0,"menu_order":0,"comment_status":"closed","ping_status":"closed","template":"elementor_header_footer","meta":{"site-sidebar-layout":"no-sidebar","site-content-layout":"page-builder","ast-global-header-display":"","ast-main-header-display":"","ast-hfb-above-header-display":"","ast-hfb-below-header-display":"","ast-hfb-mobile-header-display":"","site-post-title":"disabled","ast-breadcrumbs-content":"","ast-featured-img":"disabled","footer-sml-layout":"","theme-transparent-header-meta":"","adv-header-id-meta":"","stick-header-meta":"","header-above-stick-meta":"","header-main-stick-meta":"","header-below-stick-meta":"","footnotes":""},"class_list":["post-154","page","type-page","status-publish","hentry"],"yoast_head":"<!-- This site is optimized with the Yoast SEO plugin v20.5 - https:\/\/yoast.com\/wordpress\/plugins\/seo\/ -->\n<title>Derecho de la construcci\u00f3n &ndash; Mariano Mateo Abogado Terrassa<\/title>\n<meta name=\"description\" content=\"Somos la protecci\u00f3n legal que necesita para su proyecto de construcci\u00f3n.\" \/>\n<meta name=\"robots\" content=\"index, follow, max-snippet:-1, max-image-preview:large, max-video-preview:-1\" \/>\n<link rel=\"canonical\" href=\"https:\/\/marianomateo.com\/ca\/derecho-de-la-construccion\/\" \/>\n<meta property=\"og:locale\" content=\"ca_ES\" \/>\n<meta property=\"og:type\" content=\"article\" \/>\n<meta property=\"og:title\" content=\"Derecho de la construcci\u00f3n &ndash; Mariano Mateo Abogado Terrassa\" \/>\n<meta property=\"og:description\" content=\"Somos la protecci\u00f3n legal que necesita para su proyecto de construcci\u00f3n.\" \/>\n<meta property=\"og:url\" content=\"https:\/\/marianomateo.com\/ca\/derecho-de-la-construccion\/\" \/>\n<meta property=\"article:modified_time\" content=\"2023-04-13T13:50:51+00:00\" \/>\n<meta property=\"og:image\" content=\"https:\/\/marianomateo.com\/wp-content\/uploads\/2023\/03\/Diseno-sin-titulo-40-1.png\" \/>\n<meta name=\"twitter:card\" content=\"summary_large_image\" \/>\n<script type=\"application\/ld+json\" class=\"yoast-schema-graph\">{\"@context\":\"https:\/\/schema.org\",\"@graph\":[{\"@type\":\"WebPage\",\"@id\":\"https:\/\/marianomateo.com\/derecho-de-la-construccion\/\",\"url\":\"https:\/\/marianomateo.com\/derecho-de-la-construccion\/\",\"name\":\"Derecho de la construcci\u00f3n &ndash; Mariano Mateo Abogado Terrassa\",\"isPartOf\":{\"@id\":\"https:\/\/marianomateo.com\/#website\"},\"datePublished\":\"2023-03-19T07:19:50+00:00\",\"dateModified\":\"2023-04-13T13:50:51+00:00\",\"description\":\"Somos la protecci\u00f3n legal que necesita para su proyecto de construcci\u00f3n.\",\"breadcrumb\":{\"@id\":\"https:\/\/marianomateo.com\/derecho-de-la-construccion\/#breadcrumb\"},\"inLanguage\":\"ca\",\"potentialAction\":[{\"@type\":\"ReadAction\",\"target\":[\"https:\/\/marianomateo.com\/derecho-de-la-construccion\/\"]}]},{\"@type\":\"BreadcrumbList\",\"@id\":\"https:\/\/marianomateo.com\/derecho-de-la-construccion\/#breadcrumb\",\"itemListElement\":[{\"@type\":\"ListItem\",\"position\":1,\"name\":\"Portada\",\"item\":\"https:\/\/marianomateo.com\/\"},{\"@type\":\"ListItem\",\"position\":2,\"name\":\"Derecho de la construcci\u00f3n\"}]},{\"@type\":\"WebSite\",\"@id\":\"https:\/\/marianomateo.com\/#website\",\"url\":\"https:\/\/marianomateo.com\/\",\"name\":\"Mariano Mateo Advocat\",\"description\":\"\",\"publisher\":{\"@id\":\"https:\/\/marianomateo.com\/#\/schema\/person\/37f23f602c469580268268c2ae333961\"},\"potentialAction\":[{\"@type\":\"SearchAction\",\"target\":{\"@type\":\"EntryPoint\",\"urlTemplate\":\"https:\/\/marianomateo.com\/?s={search_term_string}\"},\"query-input\":\"required name=search_term_string\"}],\"inLanguage\":\"ca\"},{\"@type\":[\"Person\",\"Organization\"],\"@id\":\"https:\/\/marianomateo.com\/#\/schema\/person\/37f23f602c469580268268c2ae333961\",\"name\":\"Idoia Domingo\",\"image\":{\"@type\":\"ImageObject\",\"inLanguage\":\"ca\",\"@id\":\"https:\/\/marianomateo.com\/#\/schema\/person\/image\/\",\"url\":\"https:\/\/marianomateo.com\/wp-content\/uploads\/2023\/03\/logo_mateo_Advocat.png\",\"contentUrl\":\"https:\/\/marianomateo.com\/wp-content\/uploads\/2023\/03\/logo_mateo_Advocat.png\",\"width\":958,\"height\":526,\"caption\":\"Idoia Domingo\"},\"logo\":{\"@id\":\"https:\/\/marianomateo.com\/#\/schema\/person\/image\/\"},\"sameAs\":[\"https:\/\/www.egardata.cat\"]}]}<\/script>\n<!-- \/ Yoast SEO plugin. -->","yoast_head_json":{"title":"Derecho de la construcci\u00f3n &ndash; Mariano Mateo Abogado Terrassa","description":"Somos la protecci\u00f3n legal que necesita para su proyecto de construcci\u00f3n.","robots":{"index":"index","follow":"follow","max-snippet":"max-snippet:-1","max-image-preview":"max-image-preview:large","max-video-preview":"max-video-preview:-1"},"canonical":"https:\/\/marianomateo.com\/ca\/derecho-de-la-construccion\/","og_locale":"ca_ES","og_type":"article","og_title":"Derecho de la construcci\u00f3n &ndash; Mariano Mateo Abogado Terrassa","og_description":"Somos la protecci\u00f3n legal que necesita para su proyecto de construcci\u00f3n.","og_url":"https:\/\/marianomateo.com\/ca\/derecho-de-la-construccion\/","article_modified_time":"2023-04-13T13:50:51+00:00","og_image":[{"url":"https:\/\/marianomateo.com\/wp-content\/uploads\/2023\/03\/Diseno-sin-titulo-40-1.png"}],"twitter_card":"summary_large_image","schema":{"@context":"https:\/\/schema.org","@graph":[{"@type":"WebPage","@id":"https:\/\/marianomateo.com\/derecho-de-la-construccion\/","url":"https:\/\/marianomateo.com\/derecho-de-la-construccion\/","name":"Derecho de la construcci\u00f3n &ndash; Mariano Mateo Abogado Terrassa","isPartOf":{"@id":"https:\/\/marianomateo.com\/#website"},"datePublished":"2023-03-19T07:19:50+00:00","dateModified":"2023-04-13T13:50:51+00:00","description":"Somos la protecci\u00f3n legal que necesita para su proyecto de construcci\u00f3n.","breadcrumb":{"@id":"https:\/\/marianomateo.com\/derecho-de-la-construccion\/#breadcrumb"},"inLanguage":"ca","potentialAction":[{"@type":"ReadAction","target":["https:\/\/marianomateo.com\/derecho-de-la-construccion\/"]}]},{"@type":"BreadcrumbList","@id":"https:\/\/marianomateo.com\/derecho-de-la-construccion\/#breadcrumb","itemListElement":[{"@type":"ListItem","position":1,"name":"Portada","item":"https:\/\/marianomateo.com\/"},{"@type":"ListItem","position":2,"name":"Derecho de la construcci\u00f3n"}]},{"@type":"WebSite","@id":"https:\/\/marianomateo.com\/#website","url":"https:\/\/marianomateo.com\/","name":"Mariano Mateo Advocat","description":"","publisher":{"@id":"https:\/\/marianomateo.com\/#\/schema\/person\/37f23f602c469580268268c2ae333961"},"potentialAction":[{"@type":"SearchAction","target":{"@type":"EntryPoint","urlTemplate":"https:\/\/marianomateo.com\/?s={search_term_string}"},"query-input":"required name=search_term_string"}],"inLanguage":"ca"},{"@type":["Person","Organization"],"@id":"https:\/\/marianomateo.com\/#\/schema\/person\/37f23f602c469580268268c2ae333961","name":"Idoia Domingo","image":{"@type":"ImageObject","inLanguage":"ca","@id":"https:\/\/marianomateo.com\/#\/schema\/person\/image\/","url":"https:\/\/marianomateo.com\/wp-content\/uploads\/2023\/03\/logo_mateo_Advocat.png","contentUrl":"https:\/\/marianomateo.com\/wp-content\/uploads\/2023\/03\/logo_mateo_Advocat.png","width":958,"height":526,"caption":"Idoia Domingo"},"logo":{"@id":"https:\/\/marianomateo.com\/#\/schema\/person\/image\/"},"sameAs":["https:\/\/www.egardata.cat"]}]}},"_links":{"self":[{"href":"https:\/\/marianomateo.com\/ca\/wp-json\/wp\/v2\/pages\/154"}],"collection":[{"href":"https:\/\/marianomateo.com\/ca\/wp-json\/wp\/v2\/pages"}],"about":[{"href":"https:\/\/marianomateo.com\/ca\/wp-json\/wp\/v2\/types\/page"}],"author":[{"embeddable":true,"href":"https:\/\/marianomateo.com\/ca\/wp-json\/wp\/v2\/users\/2"}],"replies":[{"embeddable":true,"href":"https:\/\/marianomateo.com\/ca\/wp-json\/wp\/v2\/comments?post=154"}],"version-history":[{"count":56,"href":"https:\/\/marianomateo.com\/ca\/wp-json\/wp\/v2\/pages\/154\/revisions"}],"predecessor-version":[{"id":910,"href":"https:\/\/marianomateo.com\/ca\/wp-json\/wp\/v2\/pages\/154\/revisions\/910"}],"wp:attachment":[{"href":"https:\/\/marianomateo.com\/ca\/wp-json\/wp\/v2\/media?parent=154"}],"curies":[{"name":"wp","href":"https:\/\/api.w.org\/{rel}","templated":true}]}}