{"id":152,"date":"2023-03-19T07:19:08","date_gmt":"2023-03-19T07:19:08","guid":{"rendered":"https:\/\/marianomateo.com\/?page_id=152"},"modified":"2023-04-13T13:40:52","modified_gmt":"2023-04-13T13:40:52","slug":"derecho-de-familia","status":"publish","type":"page","link":"https:\/\/marianomateo.com\/ca\/derecho-de-familia\/","title":{"rendered":"Dret de fam\u00edlia"},"content":{"rendered":"<div data-elementor-type=\"wp-page\" data-elementor-id=\"152\" class=\"elementor elementor-152\">\n\t\t\t\t\t\t\t\t\t<section class=\"elementor-section elementor-top-section elementor-element elementor-element-c81ea57 elementor-section-full_width elementor-section-stretched elementor-section-height-default elementor-section-height-default\" data-id=\"c81ea57\" data-element_type=\"section\" data-settings=\"{&quot;stretch_section&quot;:&quot;section-stretched&quot;,&quot;background_background&quot;:&quot;classic&quot;}\">\n\t\t\t\t\t\t<div class=\"elementor-container elementor-column-gap-default\">\n\t\t\t\t\t<div class=\"elementor-column elementor-col-100 elementor-top-column elementor-element elementor-element-7acffc1\" data-id=\"7acffc1\" data-element_type=\"column\">\n\t\t\t<div class=\"elementor-widget-wrap elementor-element-populated\">\n\t\t\t\t\t\t\t\t<div class=\"elementor-element elementor-element-23324d2 elementor-widget elementor-widget-heading\" data-id=\"23324d2\" data-element_type=\"widget\" data-widget_type=\"heading.default\">\n\t\t\t\t<div class=\"elementor-widget-container\">\n\t\t\t<style>\/*! elementor - v3.12.1 - 02-04-2023 *\/\n.elementor-heading-title{padding:0;margin:0;line-height:1}.elementor-widget-heading .elementor-heading-title[class*=elementor-size-]>a{color:inherit;font-size:inherit;line-height:inherit}.elementor-widget-heading .elementor-heading-title.elementor-size-small{font-size:15px}.elementor-widget-heading .elementor-heading-title.elementor-size-medium{font-size:19px}.elementor-widget-heading .elementor-heading-title.elementor-size-large{font-size:29px}.elementor-widget-heading .elementor-heading-title.elementor-size-xl{font-size:39px}.elementor-widget-heading .elementor-heading-title.elementor-size-xxl{font-size:59px}<\/style><h1 class=\"elementor-heading-title elementor-size-default\">DRET DE FAM\u00cdLIA<\/h1>\t\t<\/div>\n\t\t\t\t<\/div>\n\t\t\t\t\t<\/div>\n\t\t<\/div>\n\t\t\t\t\t\t\t<\/div>\n\t\t<\/section>\n\t\t\t\t<section class=\"elementor-section elementor-top-section elementor-element elementor-element-07c14be elementor-section-boxed elementor-section-height-default elementor-section-height-default\" data-id=\"07c14be\" data-element_type=\"section\">\n\t\t\t\t\t\t<div class=\"elementor-container elementor-column-gap-default\">\n\t\t\t\t\t<div class=\"elementor-column elementor-col-100 elementor-top-column elementor-element elementor-element-3d05887\" data-id=\"3d05887\" data-element_type=\"column\">\n\t\t\t<div class=\"elementor-widget-wrap elementor-element-populated\">\n\t\t\t\t\t\t\t\t<div class=\"elementor-element elementor-element-57344cd elementor-widget elementor-widget-text-editor\" data-id=\"57344cd\" data-element_type=\"widget\" data-widget_type=\"text-editor.default\">\n\t\t\t\t<div class=\"elementor-widget-container\">\n\t\t\t<style>\/*! elementor - v3.12.1 - 02-04-2023 *\/\n.elementor-widget-text-editor.elementor-drop-cap-view-stacked .elementor-drop-cap{background-color:#69727d;color:#fff}.elementor-widget-text-editor.elementor-drop-cap-view-framed .elementor-drop-cap{color:#69727d;border:3px solid;background-color:transparent}.elementor-widget-text-editor:not(.elementor-drop-cap-view-default) .elementor-drop-cap{margin-top:8px}.elementor-widget-text-editor:not(.elementor-drop-cap-view-default) .elementor-drop-cap-letter{width:1em;height:1em}.elementor-widget-text-editor .elementor-drop-cap{float:left;text-align:center;line-height:1;font-size:50px}.elementor-widget-text-editor .elementor-drop-cap-letter{display:inline-block}<\/style>\t\t\t\t<p class=\"p1\">Les estad\u00edstiques a Espanya ens diuen que un matrimoni de cada tres acaben trencant la parella, per unes raons o altres. Al <span style=\"color: #000080;\"><strong>despatx<\/strong><\/span> ens encarreguem de les separacions i divorcis que comporta una ruptura de parella. Realitzem una primera visita, i si la separaci\u00f3\/divorci \u00e9s de <span class=\"s1\"><b>mutu acord<\/b><\/span>, ens encarreguem de redactar el Conveni Regulador i el Pla de Parentalitat, de com\u00fa acord amb els interessos dels menors i sense m\u00e9s enfrontaments entre els progenitors. Tractarem d'ajudar que els membres de la parella arribin a acords que evitin el procediment judicial que sempre \u00e9s m\u00e9s llarg i cost\u00f3s. Costos a nivell econ\u00f2mic, i all\u00f2 que de vegades \u00e9s m\u00e9s important, costos a nivell emocional per la implicaci\u00f3 en aquest proc\u00e9s de tota la fam\u00edlia, inclosos els fills.<\/p>\t\t\t\t\t\t<\/div>\n\t\t\t\t<\/div>\n\t\t\t\t\t<\/div>\n\t\t<\/div>\n\t\t\t\t\t\t\t<\/div>\n\t\t<\/section>\n\t\t\t\t<section class=\"elementor-section elementor-top-section elementor-element elementor-element-68dd256 elementor-section-content-middle elementor-section-boxed elementor-section-height-default elementor-section-height-default\" data-id=\"68dd256\" data-element_type=\"section\" data-settings=\"{&quot;background_background&quot;:&quot;classic&quot;}\">\n\t\t\t\t\t\t<div class=\"elementor-container elementor-column-gap-default\">\n\t\t\t\t\t<div class=\"elementor-column elementor-col-50 elementor-top-column elementor-element elementor-element-23df1a7\" data-id=\"23df1a7\" data-element_type=\"column\">\n\t\t\t<div class=\"elementor-widget-wrap elementor-element-populated\">\n\t\t\t\t\t\t\t\t<div class=\"elementor-element elementor-element-85194b7 elementor-widget elementor-widget-image\" data-id=\"85194b7\" data-element_type=\"widget\" data-widget_type=\"image.default\">\n\t\t\t\t<div class=\"elementor-widget-container\">\n\t\t\t<style>\/*! elementor - v3.12.1 - 02-04-2023 *\/\n.elementor-widget-image{text-align:center}.elementor-widget-image a{display:inline-block}.elementor-widget-image a img[src$=\".svg\"]{width:48px}.elementor-widget-image img{vertical-align:middle;display:inline-block}<\/style>\t\t\t\t\t\t\t\t\t\t\t\t<img loading=\"lazy\" decoding=\"async\" width=\"1024\" height=\"576\" src=\"https:\/\/marianomateo.com\/wp-content\/uploads\/2023\/03\/5-1-1024x576.png\" class=\"attachment-large size-large wp-image-516\" alt=\"\" srcset=\"https:\/\/marianomateo.com\/wp-content\/uploads\/2023\/03\/5-1-1024x576.png 1024w, https:\/\/marianomateo.com\/wp-content\/uploads\/2023\/03\/5-1-300x169.png 300w, https:\/\/marianomateo.com\/wp-content\/uploads\/2023\/03\/5-1-768x432.png 768w, https:\/\/marianomateo.com\/wp-content\/uploads\/2023\/03\/5-1.png 1366w\" sizes=\"(max-width: 1024px) 100vw, 1024px\" \/>\t\t\t\t\t\t\t\t\t\t\t\t\t\t\t<\/div>\n\t\t\t\t<\/div>\n\t\t\t\t\t<\/div>\n\t\t<\/div>\n\t\t\t\t<div class=\"elementor-column elementor-col-50 elementor-top-column elementor-element elementor-element-13ebe13\" data-id=\"13ebe13\" data-element_type=\"column\">\n\t\t\t<div class=\"elementor-widget-wrap elementor-element-populated\">\n\t\t\t\t\t\t\t\t<div class=\"elementor-element elementor-element-4325dd9 elementor-widget elementor-widget-text-editor\" data-id=\"4325dd9\" data-element_type=\"widget\" data-widget_type=\"text-editor.default\">\n\t\t\t\t<div class=\"elementor-widget-container\">\n\t\t\t\t\t\t\t<p class=\"p1\">De <b>no haver pogut assolir un acord<\/b> entre els c\u00f2njuges i\/o amb l'advocat de l'altre membre de la parella, t'assessorem i portem a terme la reclamaci\u00f3 judicial d'aquesta separaci\u00f3 o divorci per tal que els drets dels menors i del membre de la parella que representem quedin plenament emparats.<\/p>\t\t\t\t\t\t<\/div>\n\t\t\t\t<\/div>\n\t\t\t\t\t<\/div>\n\t\t<\/div>\n\t\t\t\t\t\t\t<\/div>\n\t\t<\/section>\n\t\t\t\t<section class=\"elementor-section elementor-top-section elementor-element elementor-element-63aa395 elementor-section-boxed elementor-section-height-default elementor-section-height-default\" data-id=\"63aa395\" data-element_type=\"section\">\n\t\t\t\t\t\t<div class=\"elementor-container elementor-column-gap-default\">\n\t\t\t\t\t<div class=\"elementor-column elementor-col-100 elementor-top-column elementor-element elementor-element-64c7253\" data-id=\"64c7253\" data-element_type=\"column\">\n\t\t\t<div class=\"elementor-widget-wrap elementor-element-populated\">\n\t\t\t\t\t\t\t\t<div class=\"elementor-element elementor-element-1534942 elementor-widget elementor-widget-text-editor\" data-id=\"1534942\" data-element_type=\"widget\" data-widget_type=\"text-editor.default\">\n\t\t\t\t<div class=\"elementor-widget-container\">\n\t\t\t\t\t\t\t<p class=\"p1\">Tenim acords amb especialistes que ens assessoraran des del punt de vista psicol\u00f2gic i psicosocial, els quals realitzaran els informes pertinents per ser presentats davant de l'autoritat judicial, els \u00d2rgans a l'efecte de la Generalitat o qualsevol altra instituci\u00f3.<\/p><p class=\"p1\">Moltes vegades un bon Conveni Regulador evita moltes circumst\u00e0ncies desagradables i posteriors litigis.<\/p>\t\t\t\t\t\t<\/div>\n\t\t\t\t<\/div>\n\t\t\t\t\t<\/div>\n\t\t<\/div>\n\t\t\t\t\t\t\t<\/div>\n\t\t<\/section>\n\t\t\t\t<section class=\"elementor-section elementor-top-section elementor-element elementor-element-dc63dfd elementor-section-boxed elementor-section-height-default elementor-section-height-default\" data-id=\"dc63dfd\" data-element_type=\"section\">\n\t\t\t\t\t\t<div class=\"elementor-container elementor-column-gap-default\">\n\t\t\t\t\t<div class=\"elementor-column elementor-col-100 elementor-top-column elementor-element elementor-element-b11c48e\" data-id=\"b11c48e\" data-element_type=\"column\">\n\t\t\t<div class=\"elementor-widget-wrap elementor-element-populated\">\n\t\t\t\t\t\t\t\t<div class=\"elementor-element elementor-element-578fa47 elementor-align-center elementor-widget elementor-widget-button\" data-id=\"578fa47\" data-element_type=\"widget\" data-widget_type=\"button.default\">\n\t\t\t\t<div class=\"elementor-widget-container\">\n\t\t\t\t\t<div class=\"elementor-button-wrapper\">\n\t\t\t<a href=\"https:\/\/marianomateo.com\/ca\/contacto\/\" class=\"elementor-button-link elementor-button elementor-size-sm\" role=\"button\">\n\t\t\t\t\t\t<span class=\"elementor-button-content-wrapper\">\n\t\t\t\t\t\t\t<span class=\"elementor-button-icon elementor-align-icon-right\">\n\t\t\t\t<i aria-hidden=\"true\" class=\"fas fa-angle-right\"><\/i>\t\t\t<\/span>\n\t\t\t\t\t\t<span class=\"elementor-button-text\">Contacta'ns<\/span>\n\t\t<\/span>\n\t\t\t\t\t<\/a>\n\t\t<\/div>\n\t\t\t\t<\/div>\n\t\t\t\t<\/div>\n\t\t\t\t\t<\/div>\n\t\t<\/div>\n\t\t\t\t\t\t\t<\/div>\n\t\t<\/section>\n\t\t\t\t<section class=\"elementor-section elementor-top-section elementor-element elementor-element-94541df elementor-section-full_width elementor-section-height-default elementor-section-height-default\" data-id=\"94541df\" data-element_type=\"section\">\n\t\t\t\t\t\t<div class=\"elementor-container elementor-column-gap-default\">\n\t\t\t\t\t<div class=\"elementor-column elementor-col-100 elementor-top-column elementor-element elementor-element-21955d6\" data-id=\"21955d6\" data-element_type=\"column\">\n\t\t\t<div class=\"elementor-widget-wrap elementor-element-populated\">\n\t\t\t\t\t\t\t\t<div class=\"elementor-element elementor-element-1e24ef5 elementor-widget elementor-widget-spacer\" data-id=\"1e24ef5\" data-element_type=\"widget\" data-widget_type=\"spacer.default\">\n\t\t\t\t<div class=\"elementor-widget-container\">\n\t\t\t<style>\/*! elementor - v3.12.1 - 02-04-2023 *\/\n.elementor-column .elementor-spacer-inner{height:var(--spacer-size)}.e-con{--container-widget-width:100%}.e-con-inner>.elementor-widget-spacer,.e-con>.elementor-widget-spacer{width:var(--container-widget-width,var(--spacer-size));--align-self:var(--container-widget-align-self,initial);--flex-shrink:0}.e-con-inner>.elementor-widget-spacer>.elementor-widget-container,.e-con-inner>.elementor-widget-spacer>.elementor-widget-container>.elementor-spacer,.e-con>.elementor-widget-spacer>.elementor-widget-container,.e-con>.elementor-widget-spacer>.elementor-widget-container>.elementor-spacer{height:100%}.e-con-inner>.elementor-widget-spacer>.elementor-widget-container>.elementor-spacer>.elementor-spacer-inner,.e-con>.elementor-widget-spacer>.elementor-widget-container>.elementor-spacer>.elementor-spacer-inner{height:var(--container-widget-height,var(--spacer-size))}<\/style>\t\t<div class=\"elementor-spacer\">\n\t\t\t<div class=\"elementor-spacer-inner\"><\/div>\n\t\t<\/div>\n\t\t\t\t<\/div>\n\t\t\t\t<\/div>\n\t\t\t\t\t<\/div>\n\t\t<\/div>\n\t\t\t\t\t\t\t<\/div>\n\t\t<\/section>\n\t\t\t\t\t\t\t<\/div>","protected":false},"excerpt":{"rendered":"<p>DERECHO DE FAMILIA Las estad\u00edsticas en Espa\u00f1a nos dicen que un matrimonio de cada tres acaban rompiendo la pareja, por unas u otras razones. En el despacho nos encargamos de las separaciones y divorcios que una ruptura de pareja conlleva. Realizamos una primera visita, y si la separaci\u00f3n\/divorcio es de mutuo acuerdo, nos encargamos de &hellip;<\/p>\n<p class=\"read-more\"> <a class=\"\" href=\"https:\/\/marianomateo.com\/ca\/derecho-de-familia\/\"> <span class=\"screen-reader-text\">Dret de fam\u00edlia<\/span> Llegeix m\u00e9s &raquo;<\/a><\/p>","protected":false},"author":2,"featured_media":0,"parent":0,"menu_order":0,"comment_status":"closed","ping_status":"closed","template":"elementor_header_footer","meta":{"site-sidebar-layout":"no-sidebar","site-content-layout":"page-builder","ast-global-header-display":"","ast-main-header-display":"","ast-hfb-above-header-display":"","ast-hfb-below-header-display":"","ast-hfb-mobile-header-display":"","site-post-title":"disabled","ast-breadcrumbs-content":"","ast-featured-img":"disabled","footer-sml-layout":"","theme-transparent-header-meta":"","adv-header-id-meta":"","stick-header-meta":"","header-above-stick-meta":"","header-main-stick-meta":"","header-below-stick-meta":"","footnotes":""},"class_list":["post-152","page","type-page","status-publish","hentry"],"yoast_head":"<!-- This site is optimized with the Yoast SEO plugin v20.5 - https:\/\/yoast.com\/wordpress\/plugins\/seo\/ -->\n<title>Derecho de familia &ndash; Mariano Mateo Abogado Terrassa<\/title>\n<meta name=\"description\" content=\"En el despacho nos encargamos de las separaciones y divorcios que una ruptura de pareja conlleva.\" \/>\n<meta name=\"robots\" content=\"index, follow, max-snippet:-1, max-image-preview:large, max-video-preview:-1\" \/>\n<link rel=\"canonical\" href=\"https:\/\/marianomateo.com\/ca\/derecho-de-familia\/\" \/>\n<meta property=\"og:locale\" content=\"ca_ES\" \/>\n<meta property=\"og:type\" content=\"article\" \/>\n<meta property=\"og:title\" content=\"Derecho de familia &ndash; Mariano Mateo Abogado Terrassa\" \/>\n<meta property=\"og:description\" content=\"En el despacho nos encargamos de las separaciones y divorcios que una ruptura de pareja conlleva.\" \/>\n<meta property=\"og:url\" content=\"https:\/\/marianomateo.com\/ca\/derecho-de-familia\/\" \/>\n<meta property=\"article:modified_time\" content=\"2023-04-13T13:40:52+00:00\" \/>\n<meta property=\"og:image\" content=\"https:\/\/marianomateo.com\/wp-content\/uploads\/2023\/03\/5-1-1024x576.png\" \/>\n<meta name=\"twitter:card\" content=\"summary_large_image\" \/>\n<script type=\"application\/ld+json\" class=\"yoast-schema-graph\">{\"@context\":\"https:\/\/schema.org\",\"@graph\":[{\"@type\":\"WebPage\",\"@id\":\"https:\/\/marianomateo.com\/derecho-de-familia\/\",\"url\":\"https:\/\/marianomateo.com\/derecho-de-familia\/\",\"name\":\"Derecho de familia &ndash; Mariano Mateo Abogado Terrassa\",\"isPartOf\":{\"@id\":\"https:\/\/marianomateo.com\/#website\"},\"datePublished\":\"2023-03-19T07:19:08+00:00\",\"dateModified\":\"2023-04-13T13:40:52+00:00\",\"description\":\"En el despacho nos encargamos de las separaciones y divorcios que una ruptura de pareja conlleva.\",\"breadcrumb\":{\"@id\":\"https:\/\/marianomateo.com\/derecho-de-familia\/#breadcrumb\"},\"inLanguage\":\"ca\",\"potentialAction\":[{\"@type\":\"ReadAction\",\"target\":[\"https:\/\/marianomateo.com\/derecho-de-familia\/\"]}]},{\"@type\":\"BreadcrumbList\",\"@id\":\"https:\/\/marianomateo.com\/derecho-de-familia\/#breadcrumb\",\"itemListElement\":[{\"@type\":\"ListItem\",\"position\":1,\"name\":\"Portada\",\"item\":\"https:\/\/marianomateo.com\/\"},{\"@type\":\"ListItem\",\"position\":2,\"name\":\"Derecho de familia\"}]},{\"@type\":\"WebSite\",\"@id\":\"https:\/\/marianomateo.com\/#website\",\"url\":\"https:\/\/marianomateo.com\/\",\"name\":\"Mariano Mateo Advocat\",\"description\":\"\",\"publisher\":{\"@id\":\"https:\/\/marianomateo.com\/#\/schema\/person\/37f23f602c469580268268c2ae333961\"},\"potentialAction\":[{\"@type\":\"SearchAction\",\"target\":{\"@type\":\"EntryPoint\",\"urlTemplate\":\"https:\/\/marianomateo.com\/?s={search_term_string}\"},\"query-input\":\"required name=search_term_string\"}],\"inLanguage\":\"ca\"},{\"@type\":[\"Person\",\"Organization\"],\"@id\":\"https:\/\/marianomateo.com\/#\/schema\/person\/37f23f602c469580268268c2ae333961\",\"name\":\"Idoia Domingo\",\"image\":{\"@type\":\"ImageObject\",\"inLanguage\":\"ca\",\"@id\":\"https:\/\/marianomateo.com\/#\/schema\/person\/image\/\",\"url\":\"https:\/\/marianomateo.com\/wp-content\/uploads\/2023\/03\/logo_mateo_Advocat.png\",\"contentUrl\":\"https:\/\/marianomateo.com\/wp-content\/uploads\/2023\/03\/logo_mateo_Advocat.png\",\"width\":958,\"height\":526,\"caption\":\"Idoia Domingo\"},\"logo\":{\"@id\":\"https:\/\/marianomateo.com\/#\/schema\/person\/image\/\"},\"sameAs\":[\"https:\/\/www.egardata.cat\"]}]}<\/script>\n<!-- \/ Yoast SEO plugin. -->","yoast_head_json":{"title":"Derecho de familia &ndash; Mariano Mateo Abogado Terrassa","description":"En el despacho nos encargamos de las separaciones y divorcios que una ruptura de pareja conlleva.","robots":{"index":"index","follow":"follow","max-snippet":"max-snippet:-1","max-image-preview":"max-image-preview:large","max-video-preview":"max-video-preview:-1"},"canonical":"https:\/\/marianomateo.com\/ca\/derecho-de-familia\/","og_locale":"ca_ES","og_type":"article","og_title":"Derecho de familia &ndash; Mariano Mateo Abogado Terrassa","og_description":"En el despacho nos encargamos de las separaciones y divorcios que una ruptura de pareja conlleva.","og_url":"https:\/\/marianomateo.com\/ca\/derecho-de-familia\/","article_modified_time":"2023-04-13T13:40:52+00:00","og_image":[{"url":"https:\/\/marianomateo.com\/wp-content\/uploads\/2023\/03\/5-1-1024x576.png"}],"twitter_card":"summary_large_image","schema":{"@context":"https:\/\/schema.org","@graph":[{"@type":"WebPage","@id":"https:\/\/marianomateo.com\/derecho-de-familia\/","url":"https:\/\/marianomateo.com\/derecho-de-familia\/","name":"Derecho de familia &ndash; Mariano Mateo Abogado Terrassa","isPartOf":{"@id":"https:\/\/marianomateo.com\/#website"},"datePublished":"2023-03-19T07:19:08+00:00","dateModified":"2023-04-13T13:40:52+00:00","description":"En el despacho nos encargamos de las separaciones y divorcios que una ruptura de pareja conlleva.","breadcrumb":{"@id":"https:\/\/marianomateo.com\/derecho-de-familia\/#breadcrumb"},"inLanguage":"ca","potentialAction":[{"@type":"ReadAction","target":["https:\/\/marianomateo.com\/derecho-de-familia\/"]}]},{"@type":"BreadcrumbList","@id":"https:\/\/marianomateo.com\/derecho-de-familia\/#breadcrumb","itemListElement":[{"@type":"ListItem","position":1,"name":"Portada","item":"https:\/\/marianomateo.com\/"},{"@type":"ListItem","position":2,"name":"Derecho de familia"}]},{"@type":"WebSite","@id":"https:\/\/marianomateo.com\/#website","url":"https:\/\/marianomateo.com\/","name":"Mariano Mateo Advocat","description":"","publisher":{"@id":"https:\/\/marianomateo.com\/#\/schema\/person\/37f23f602c469580268268c2ae333961"},"potentialAction":[{"@type":"SearchAction","target":{"@type":"EntryPoint","urlTemplate":"https:\/\/marianomateo.com\/?s={search_term_string}"},"query-input":"required name=search_term_string"}],"inLanguage":"ca"},{"@type":["Person","Organization"],"@id":"https:\/\/marianomateo.com\/#\/schema\/person\/37f23f602c469580268268c2ae333961","name":"Idoia Domingo","image":{"@type":"ImageObject","inLanguage":"ca","@id":"https:\/\/marianomateo.com\/#\/schema\/person\/image\/","url":"https:\/\/marianomateo.com\/wp-content\/uploads\/2023\/03\/logo_mateo_Advocat.png","contentUrl":"https:\/\/marianomateo.com\/wp-content\/uploads\/2023\/03\/logo_mateo_Advocat.png","width":958,"height":526,"caption":"Idoia Domingo"},"logo":{"@id":"https:\/\/marianomateo.com\/#\/schema\/person\/image\/"},"sameAs":["https:\/\/www.egardata.cat"]}]}},"_links":{"self":[{"href":"https:\/\/marianomateo.com\/ca\/wp-json\/wp\/v2\/pages\/152"}],"collection":[{"href":"https:\/\/marianomateo.com\/ca\/wp-json\/wp\/v2\/pages"}],"about":[{"href":"https:\/\/marianomateo.com\/ca\/wp-json\/wp\/v2\/types\/page"}],"author":[{"embeddable":true,"href":"https:\/\/marianomateo.com\/ca\/wp-json\/wp\/v2\/users\/2"}],"replies":[{"embeddable":true,"href":"https:\/\/marianomateo.com\/ca\/wp-json\/wp\/v2\/comments?post=152"}],"version-history":[{"count":31,"href":"https:\/\/marianomateo.com\/ca\/wp-json\/wp\/v2\/pages\/152\/revisions"}],"predecessor-version":[{"id":894,"href":"https:\/\/marianomateo.com\/ca\/wp-json\/wp\/v2\/pages\/152\/revisions\/894"}],"wp:attachment":[{"href":"https:\/\/marianomateo.com\/ca\/wp-json\/wp\/v2\/media?parent=152"}],"curies":[{"name":"wp","href":"https:\/\/api.w.org\/{rel}","templated":true}]}}